{"id":148,"date":"2013-03-07T16:15:45","date_gmt":"2013-03-07T16:15:45","guid":{"rendered":"https:\/\/www.albertcirera.com\/?page_id=148"},"modified":"2026-02-24T10:03:08","modified_gmt":"2026-02-24T10:03:08","slug":"148-2","status":"publish","type":"page","link":"https:\/\/www.albertcirera.com\/","title":{"rendered":""},"content":{"rendered":"<div class=\"wp-block-image\">\n<figure class=\"alignleft size-large is-resized\"><img loading=\"lazy\" decoding=\"async\" width=\"1024\" height=\"1024\" src=\"https:\/\/www.albertcirera.com\/wp-content\/uploads\/PortadaDigital_Orangina-1-1024x1024.jpg\" alt=\"\" class=\"wp-image-15456\" style=\"width:323px;height:auto\" srcset=\"https:\/\/www.albertcirera.com\/wp-content\/uploads\/PortadaDigital_Orangina-1-1024x1024.jpg 1024w, https:\/\/www.albertcirera.com\/wp-content\/uploads\/PortadaDigital_Orangina-1-300x300.jpg 300w, https:\/\/www.albertcirera.com\/wp-content\/uploads\/PortadaDigital_Orangina-1-150x150.jpg 150w, https:\/\/www.albertcirera.com\/wp-content\/uploads\/PortadaDigital_Orangina-1-768x768.jpg 768w, https:\/\/www.albertcirera.com\/wp-content\/uploads\/PortadaDigital_Orangina-1-1536x1536.jpg 1536w, https:\/\/www.albertcirera.com\/wp-content\/uploads\/PortadaDigital_Orangina-1-2048x2048.jpg 2048w\" sizes=\"auto, (max-width: 1024px) 100vw, 1024px\" \/><\/figure>\n<\/div>\n\n\n<p class=\"has-text-align-center\">Dave Summer on Bandcamp Daily<br>There\u2019s plenty of edge to the latest from&nbsp;<a href=\"https:\/\/sirulita.bandcamp.com\/album\/mow\">Albert Cirera<\/a>&nbsp;and the&nbsp;<a href=\"https:\/\/cireratrestambors.bandcamp.com\/music\">Tres Tambors<\/a>&nbsp;quartet. There\u2019s also plenty of heat. It\u2019s modern post-bop that throws its weight around while staying light on its feet\u2014an effortless flow, and tuneful, no matter how rambunctious the ensemble grows <a href=\"https:\/\/daily.bandcamp.com\/best-jazz\/the-best-jazz-on-bandcamp-september-2025\" data-type=\"link\" data-id=\"https:\/\/daily.bandcamp.com\/best-jazz\/the-best-jazz-on-bandcamp-september-2025\" target=\"_blank\" rel=\"noreferrer noopener\">(Read More)<\/a><\/p>\n\n\n\n<p class=\"has-text-align-center\">Kan Waxman on Jazz Word<br>In short, Orangina is an instance of polished contemporary Jazz from Spain that can measure up to the same from anywhere. <a href=\"https:\/\/www.jazzword.com\/reviews\/albert-cirera-tres-tambors\/\" data-type=\"link\" data-id=\"https:\/\/www.jazzword.com\/reviews\/albert-cirera-tres-tambors\/\">(Read More)<\/a><\/p>\n\n\n\n<p class=\"has-text-align-center\">Eyal Hareuveni on Salt Peanuts <br>The music flows naturally, seamlessly, and highlights the quartet\u2019s nuanced and layered dynamics. It juggles playfully between Cirera\u2019s strong lyrical, touching themes, &#8230; <a href=\"https:\/\/salt-peanuts.eu\/record\/albert-cirera-tres-tambors\/\" target=\"_blank\" rel=\"noreferrer noopener\">(Read More)<\/a><\/p>\n\n\n\n<p class=\"has-text-align-center\">Carlos Perez Cruz en El Club de Jazz <br>&#8230;Son temas que en la mayor\u00eda de los casos parecen adquirir forma caminando y que esquivan los moldes prefabricados. Es eso, y la expresividad de los cuatro, la virtuosa y alegre flexibilidad, la implicaci\u00f3n con la que tocan, lo que hace de esta una m\u00fasica muy viva. <a href=\"https:\/\/www.patreon.com\/posts\/arrebato-y-de-138642742\" data-type=\"link\" data-id=\"https:\/\/www.patreon.com\/posts\/arrebato-y-de-138642742\" target=\"_blank\" rel=\"noreferrer noopener\">(Read More)<\/a><\/p>\n\n\n\n<p class=\"has-text-align-center\">Roger Roca en El Periodico<br>&#8216;Orangina&#8217;, su tercer disco, es\u00a0<strong>intenso, emotivo sin ser sentimental y ante todo, decidido<\/strong>: a veces la m\u00fasica les sale rara, a veces mel\u00f3dica, a veces estridente y a veces bonita, pero all\u00e1 que van con todo. Y tanto arrojo se agradece. <a href=\"https:\/\/www.elperiodico.com\/es\/ocio-y-cultura\/20251005\/miguel-poveda-desglac-disco-rompio-122245687\" data-type=\"link\" data-id=\"https:\/\/www.elperiodico.com\/es\/ocio-y-cultura\/20251005\/miguel-poveda-desglac-disco-rompio-122245687\" target=\"_blank\" rel=\"noreferrer noopener\">(Read more)<\/a><\/p>\n\n\n\n<p class=\"has-text-align-center\">Candido Querol en B-Ritmos<br>&#8230;en este \u201c<strong><em>Orangina<\/em><\/strong>\u201d, ha propuesto al cuarteto doce composiciones, que a pesar de su libertad, no dejan de ser jazz, un jazz que bebe de diferentes fuentes, pero sobre todo de esa b\u00fasqueda incansable de conseguir que la m\u00fasica te atrape en sus redes y no te permita hacer otra cosa m\u00e1s que estar por ella. Sin concesiones. &nbsp;&nbsp;<a href=\"https:\/\/www.b-ritmos.com\/albert-cirera-tres-tambors\/\" data-type=\"link\" data-id=\"https:\/\/www.b-ritmos.com\/albert-cirera-tres-tambors\/\" target=\"_blank\" rel=\"noreferrer noopener\">(Read More)<\/a><\/p>\n\n\n\n<p class=\"has-text-align-center\">Carlos Lara en Tomajazz<br>&#8230;<em>Orangina<\/em>\u00a0es como un caleidoscopio sonoro en el que no importa el orden en el que se escuchen los temas. Cuentan con tal riqueza e intensidad, que siempre se encuentran nuevas capas, matices y sugerentes conclusiones. <a href=\"https:\/\/tomajazz.com\/web\/albert-cirera-tres-tambors-orangina-2025\/\" target=\"_blank\" rel=\"noreferrer noopener\">(Read more)<\/a><\/p>\n\n\n\n<p class=\"has-text-align-center\">Entrevista a Catalunya Musica per Marta Lenau a Assaig General<br><a href=\"https:\/\/www.3cat.cat\/3cat\/fem-un-tast-del-disc-orangina-dalbert-cirera-tres-tambors\/audio\/1254490\/\" target=\"_blank\" rel=\"noreferrer noopener\">(Escolatar) <\/a><\/p>\n\n\n\n<p class=\"has-text-align-center\">Oriol Roca a Bluesky (El Periodico, tv3&#8230;)<br>&#8230;Per\u00f2 en general, quina intensitat, quina cal\u2022ligrafia, quin se me&#8217;n foten els estils-les modes-les tend\u00e8ncies. I com de b\u00e9 sona i toca Albert Cirera el saxo. I quin grup tan grup. Apa. Ja est\u00e0. <a href=\"https:\/\/web-cdn.bsky.app\/profile\/roger-roca.bsky.social\" data-type=\"link\" data-id=\"https:\/\/web-cdn.bsky.app\/profile\/roger-roca.bsky.social\" target=\"_blank\" rel=\"noreferrer noopener\">(Read more)<\/a><\/p>\n\n\n\n<p><\/p>\n","protected":false},"excerpt":{"rendered":"<p>Dave Summer on Bandcamp DailyThere\u2019s plenty of edge to the latest from&nbsp;Albert Cirera&nbsp;and the&nbsp;Tres Tambors&nbsp;quartet. There\u2019s also plenty of heat. It\u2019s modern post-bop that throws its weight around while staying light on its feet\u2014an effortless flow, and tuneful, no matter &hellip; <a href=\"https:\/\/www.albertcirera.com\/\">Sigue leyendo <span class=\"meta-nav\">&rarr;<\/span><\/a><\/p>\n","protected":false},"author":1,"featured_media":0,"parent":0,"menu_order":0,"comment_status":"closed","ping_status":"open","template":"onecolumn-page.php","meta":{"footnotes":""},"class_list":["post-148","page","type-page","status-publish","hentry"],"_links":{"self":[{"href":"https:\/\/www.albertcirera.com\/index.php?rest_route=\/wp\/v2\/pages\/148","targetHints":{"allow":["GET"]}}],"collection":[{"href":"https:\/\/www.albertcirera.com\/index.php?rest_route=\/wp\/v2\/pages"}],"about":[{"href":"https:\/\/www.albertcirera.com\/index.php?rest_route=\/wp\/v2\/types\/page"}],"author":[{"embeddable":true,"href":"https:\/\/www.albertcirera.com\/index.php?rest_route=\/wp\/v2\/users\/1"}],"replies":[{"embeddable":true,"href":"https:\/\/www.albertcirera.com\/index.php?rest_route=%2Fwp%2Fv2%2Fcomments&post=148"}],"version-history":[{"count":119,"href":"https:\/\/www.albertcirera.com\/index.php?rest_route=\/wp\/v2\/pages\/148\/revisions"}],"predecessor-version":[{"id":15584,"href":"https:\/\/www.albertcirera.com\/index.php?rest_route=\/wp\/v2\/pages\/148\/revisions\/15584"}],"wp:attachment":[{"href":"https:\/\/www.albertcirera.com\/index.php?rest_route=%2Fwp%2Fv2%2Fmedia&parent=148"}],"curies":[{"name":"wp","href":"https:\/\/api.w.org\/{rel}","templated":true}]}}